{"id":17,"date":"2024-10-28T14:06:33","date_gmt":"2024-10-28T14:06:33","guid":{"rendered":"https:\/?page_id=17"},"modified":"2025-10-23T13:38:23","modified_gmt":"2025-10-23T13:38:23","slug":"home","status":"publish","type":"page","link":"https:\/\/victoria-loesch.com\/","title":{"rendered":"about"},"content":{"rendered":"\t\t<div data-elementor-type=\"wp-page\" data-elementor-id=\"17\" class=\"elementor elementor-17\">\n\t\t\t\t<nav class=\"elementor-element elementor-element-a37354a e-con-full sticky-nav e-flex e-con e-parent\" data-id=\"a37354a\" data-element_type=\"container\" data-settings=\"{&quot;background_background&quot;:&quot;classic&quot;,&quot;position&quot;:&quot;fixed&quot;}\">\n\t\t<div class=\"elementor-element elementor-element-b568daf e-grid e-con-boxed e-con e-child\" data-id=\"b568daf\" data-element_type=\"container\">\n\t\t\t\t\t<div class=\"e-con-inner\">\n\t\t\t\t<div class=\"elementor-element elementor-element-fffa2fd elementor-widget elementor-widget-heading\" data-id=\"fffa2fd\" data-element_type=\"widget\" data-widget_type=\"heading.default\">\n\t\t\t\t<div class=\"elementor-widget-container\">\n\t\t\t\t\t<h3 class=\"elementor-heading-title elementor-size-default\"><a href=\"https:\/victoria-loesch.com\">about<\/a><\/h3>\t\t\t\t<\/div>\n\t\t\t\t<\/div>\n\t\t\t\t<div class=\"elementor-element elementor-element-db97c52 elementor-widget elementor-widget-heading\" data-id=\"db97c52\" data-element_type=\"widget\" data-widget_type=\"heading.default\">\n\t\t\t\t<div class=\"elementor-widget-container\">\n\t\t\t\t\t<h3 class=\"elementor-heading-title elementor-size-default\"><a href=\"https:\/?page_id=91\">work<\/a><\/h3>\t\t\t\t<\/div>\n\t\t\t\t<\/div>\n\t\t\t\t<div class=\"elementor-element elementor-element-dcd183f elementor-widget elementor-widget-heading\" data-id=\"dcd183f\" data-element_type=\"widget\" data-widget_type=\"heading.default\">\n\t\t\t\t<div class=\"elementor-widget-container\">\n\t\t\t\t\t<h3 class=\"elementor-heading-title elementor-size-default\"><a href=\"https:\/?page_id=387\">touch<\/a><\/h3>\t\t\t\t<\/div>\n\t\t\t\t<\/div>\n\t\t\t\t\t<\/div>\n\t\t\t\t<\/div>\n\t\t\t\t<\/nav>\n\t\t<div class=\"elementor-element elementor-element-b0a3400 e-flex e-con-boxed e-con e-parent\" data-id=\"b0a3400\" data-element_type=\"container\">\n\t\t\t\t\t<div class=\"e-con-inner\">\n\t\t\t\t<div class=\"elementor-element elementor-element-757f2e3 elementor-widget elementor-widget-spacer\" data-id=\"757f2e3\" data-element_type=\"widget\" data-widget_type=\"spacer.default\">\n\t\t\t\t<div class=\"elementor-widget-container\">\n\t\t\t\t\t\t\t<div class=\"elementor-spacer\">\n\t\t\t<div class=\"elementor-spacer-inner\"><\/div>\n\t\t<\/div>\n\t\t\t\t\t\t<\/div>\n\t\t\t\t<\/div>\n\t\t\t\t<div class=\"elementor-element elementor-element-eb95002 elementor-widget elementor-widget-spacer\" data-id=\"eb95002\" data-element_type=\"widget\" data-widget_type=\"spacer.default\">\n\t\t\t\t<div class=\"elementor-widget-container\">\n\t\t\t\t\t\t\t<div class=\"elementor-spacer\">\n\t\t\t<div class=\"elementor-spacer-inner\"><\/div>\n\t\t<\/div>\n\t\t\t\t\t\t<\/div>\n\t\t\t\t<\/div>\n\t\t\t\t<div class=\"elementor-element elementor-element-e42f48c elementor-invisible elementor-widget elementor-widget-heading\" data-id=\"e42f48c\" data-element_type=\"widget\" data-settings=\"{&quot;_animation&quot;:&quot;fadeInDown&quot;}\" data-widget_type=\"heading.default\">\n\t\t\t\t<div class=\"elementor-widget-container\">\n\t\t\t\t\t<h1 class=\"elementor-heading-title elementor-size-default\">VICTORIA<br>L\u00d6SCH<\/h1>\t\t\t\t<\/div>\n\t\t\t\t<\/div>\n\t\t\t\t\t<\/div>\n\t\t\t\t<\/div>\n\t\t<div class=\"elementor-element elementor-element-e3fcc63 e-flex e-con-boxed e-con e-parent\" data-id=\"e3fcc63\" data-element_type=\"container\">\n\t\t\t\t\t<div class=\"e-con-inner\">\n\t\t\t\t<div class=\"elementor-element elementor-element-866432e elementor-widget elementor-widget-spacer\" data-id=\"866432e\" data-element_type=\"widget\" data-widget_type=\"spacer.default\">\n\t\t\t\t<div class=\"elementor-widget-container\">\n\t\t\t\t\t\t\t<div class=\"elementor-spacer\">\n\t\t\t<div class=\"elementor-spacer-inner\"><\/div>\n\t\t<\/div>\n\t\t\t\t\t\t<\/div>\n\t\t\t\t<\/div>\n\t\t\t\t<div class=\"elementor-element elementor-element-57812cc elementor-widget elementor-widget-image\" data-id=\"57812cc\" data-element_type=\"widget\" data-widget_type=\"image.default\">\n\t\t\t\t<div class=\"elementor-widget-container\">\n\t\t\t\t\t\t\t\t\t\t\t\t\t\t\t<img fetchpriority=\"high\" decoding=\"async\" width=\"1024\" height=\"576\" src=\"https:\/\/victoria-loesch.com\/wp-content\/uploads\/2025\/08\/DSC09794-1024x576.png\" class=\"attachment-large size-large wp-image-1270\" alt=\"\" srcset=\"https:\/\/victoria-loesch.com\/wp-content\/uploads\/2025\/08\/DSC09794-1024x576.png 1024w, https:\/\/victoria-loesch.com\/wp-content\/uploads\/2025\/08\/DSC09794-300x169.png 300w, https:\/\/victoria-loesch.com\/wp-content\/uploads\/2025\/08\/DSC09794-768x432.png 768w, https:\/\/victoria-loesch.com\/wp-content\/uploads\/2025\/08\/DSC09794-1536x864.png 1536w, https:\/\/victoria-loesch.com\/wp-content\/uploads\/2025\/08\/DSC09794-2048x1152.png 2048w\" sizes=\"(max-width: 1024px) 100vw, 1024px\" \/>\t\t\t\t\t\t\t\t\t\t\t\t\t\t\t<\/div>\n\t\t\t\t<\/div>\n\t\t\t\t<div class=\"elementor-element elementor-element-9dce3e4 elementor-widget elementor-widget-spacer\" data-id=\"9dce3e4\" data-element_type=\"widget\" data-widget_type=\"spacer.default\">\n\t\t\t\t<div class=\"elementor-widget-container\">\n\t\t\t\t\t\t\t<div class=\"elementor-spacer\">\n\t\t\t<div class=\"elementor-spacer-inner\"><\/div>\n\t\t<\/div>\n\t\t\t\t\t\t<\/div>\n\t\t\t\t<\/div>\n\t\t\t\t\t<\/div>\n\t\t\t\t<\/div>\n\t\t<div class=\"elementor-element elementor-element-f8afee2 e-flex e-con-boxed e-con e-parent\" data-id=\"f8afee2\" data-element_type=\"container\">\n\t\t\t\t\t<div class=\"e-con-inner\">\n\t\t\t\t<div class=\"elementor-element elementor-element-8ce394b elementor-widget elementor-widget-spacer\" data-id=\"8ce394b\" data-element_type=\"widget\" data-widget_type=\"spacer.default\">\n\t\t\t\t<div class=\"elementor-widget-container\">\n\t\t\t\t\t\t\t<div class=\"elementor-spacer\">\n\t\t\t<div class=\"elementor-spacer-inner\"><\/div>\n\t\t<\/div>\n\t\t\t\t\t\t<\/div>\n\t\t\t\t<\/div>\n\t\t\t\t<div class=\"elementor-element elementor-element-74a4d98 elementor-widget elementor-widget-text-editor\" data-id=\"74a4d98\" data-element_type=\"widget\" data-widget_type=\"text-editor.default\">\n\t\t\t\t<div class=\"elementor-widget-container\">\n\t\t\t\t\t\t\t\t\t<p>Hello, Ciao, Salve, Hola, Hallo, oder wie auch immer,<\/p><p>ich bins Victoria.<br \/>Was mich ausmacht? Um es kurz zu machen.<br \/>Ich bin jung, motiviert und lernbed\u00fcrftig. Immer mit Kopf und Herz dabei.\u00a0<br \/>Aber wenn ich mir was in den Kopf setze, wird das auch durchgezogen egal ob privat oder vor dem Laptop. Einmal angefangen gibt es kein zur\u00fcck. Manchmal etwas abstrakter unterwegs, aber immer mit Bedeutung dahinter.<\/p>\t\t\t\t\t\t\t\t<\/div>\n\t\t\t\t<\/div>\n\t\t\t\t\t<\/div>\n\t\t\t\t<\/div>\n\t\t<div class=\"elementor-element elementor-element-39175be e-flex e-con-boxed e-con e-parent\" data-id=\"39175be\" data-element_type=\"container\">\n\t\t\t\t\t<div class=\"e-con-inner\">\n\t\t\t\t<div class=\"elementor-element elementor-element-e0de599 elementor-widget elementor-widget-heading\" data-id=\"e0de599\" data-element_type=\"widget\" data-widget_type=\"heading.default\">\n\t\t\t\t<div class=\"elementor-widget-container\">\n\t\t\t\t\t<h2 class=\"elementor-heading-title elementor-size-default\">SKILLS<\/h2>\t\t\t\t<\/div>\n\t\t\t\t<\/div>\n\t\t\t\t<div class=\"elementor-element elementor-element-cd04323 rotating-text e-transform elementor-widget elementor-widget-text-path\" data-id=\"cd04323\" data-element_type=\"widget\" id=\"rotating-text\" data-settings=\"{&quot;text&quot;:&quot;{Adobe CC}   Photoshop } Premiere Pro} After Effects } Illustrator } Lightroom   { Figma }&quot;,&quot;_transform_rotateZ_effect_hover&quot;:{&quot;unit&quot;:&quot;px&quot;,&quot;size&quot;:35,&quot;sizes&quot;:[]},&quot;link&quot;:{&quot;url&quot;:&quot;&quot;,&quot;is_external&quot;:&quot;&quot;,&quot;nofollow&quot;:&quot;&quot;,&quot;custom_attributes&quot;:&quot;&quot;},&quot;start_point&quot;:{&quot;unit&quot;:&quot;%&quot;,&quot;size&quot;:0,&quot;sizes&quot;:[]},&quot;_transform_rotateZ_effect_hover_tablet&quot;:{&quot;unit&quot;:&quot;deg&quot;,&quot;size&quot;:&quot;&quot;,&quot;sizes&quot;:[]},&quot;_transform_rotateZ_effect_hover_mobile&quot;:{&quot;unit&quot;:&quot;deg&quot;,&quot;size&quot;:&quot;&quot;,&quot;sizes&quot;:[]}}\" data-widget_type=\"text-path.default\">\n\t\t\t\t<div class=\"elementor-widget-container\">\n\t\t\t\t\t\t\t<div class=\"e-text-path\" data-text=\"{Adobe CC}   Photoshop } Premiere Pro} After Effects } Illustrator } Lightroom   { Figma }\" data-url=\"\/\/victoria-loesch.com\/wp-content\/plugins\/elementor\/assets\/svg-paths\/circle.svg\" data-link-url=\"\"><\/div>\n\t\t\t\t\t\t<\/div>\n\t\t\t\t<\/div>\n\t\t\t\t<div class=\"elementor-element elementor-element-f5c1b4e elementor-widget elementor-widget-html\" data-id=\"f5c1b4e\" data-element_type=\"widget\" data-widget_type=\"html.default\">\n\t\t\t\t<div class=\"elementor-widget-container\">\n\t\t\t\t\t<style>\n.rotating-text {\n  display: inline-block;\n  animation: spin 10s linear infinite;\n}\n\n@keyframes spin {\n  from { transform: rotate(0deg); }\n  to { transform: rotate(360deg); }\n}\n<\/style>\t\t\t\t<\/div>\n\t\t\t\t<\/div>\n\t\t\t\t\t<\/div>\n\t\t\t\t<\/div>\n\t\t<div class=\"elementor-element elementor-element-384552d e-flex e-con-boxed e-con e-parent\" data-id=\"384552d\" data-element_type=\"container\">\n\t\t\t\t\t<div class=\"e-con-inner\">\n\t\t\t\t<div class=\"elementor-element elementor-element-5b75387 elementor-widget elementor-widget-text-editor\" data-id=\"5b75387\" data-element_type=\"widget\" data-widget_type=\"text-editor.default\">\n\t\t\t\t<div class=\"elementor-widget-container\">\n\t\t\t\t\t\t\t\t\t<p>Multimedialer-Nerd mit viel Testerei und viel Kreativit\u00e4t. Von Adobe CC \u00fcber Figma bis hin zu HTML, CSS und JavaScript. Content kann ich auch produzieren :))\u00a0 Alles probieren und sich stets weiterbilden. Manches mehr k\u00f6nnen und manches weniger. Nebenbei mache ich noch sehr gern mein privates Social Media.<\/p><p>\u00a0<\/p>\t\t\t\t\t\t\t\t<\/div>\n\t\t\t\t<\/div>\n\t\t\t\t\t<\/div>\n\t\t\t\t<\/div>\n\t\t<div class=\"elementor-element elementor-element-7c9163b e-flex e-con-boxed e-con e-parent\" data-id=\"7c9163b\" data-element_type=\"container\">\n\t\t\t\t\t<div class=\"e-con-inner\">\n\t\t\t\t<div class=\"elementor-element elementor-element-d4789d9 elementor-widget elementor-widget-heading\" data-id=\"d4789d9\" data-element_type=\"widget\" data-widget_type=\"heading.default\">\n\t\t\t\t<div class=\"elementor-widget-container\">\n\t\t\t\t\t<h2 class=\"elementor-heading-title elementor-size-default\">FREIZEIT<\/h2>\t\t\t\t<\/div>\n\t\t\t\t<\/div>\n\t\t\t\t<div class=\"elementor-element elementor-element-113ca8d elementor-widget elementor-widget-spacer\" data-id=\"113ca8d\" data-element_type=\"widget\" data-widget_type=\"spacer.default\">\n\t\t\t\t<div class=\"elementor-widget-container\">\n\t\t\t\t\t\t\t<div class=\"elementor-spacer\">\n\t\t\t<div class=\"elementor-spacer-inner\"><\/div>\n\t\t<\/div>\n\t\t\t\t\t\t<\/div>\n\t\t\t\t<\/div>\n\t\t\t\t\t<\/div>\n\t\t\t\t<\/div>\n\t\t<div class=\"elementor-element elementor-element-bf7f3dd e-flex e-con-boxed e-con e-parent\" data-id=\"bf7f3dd\" data-element_type=\"container\">\n\t\t\t\t\t<div class=\"e-con-inner\">\n\t\t<div class=\"elementor-element elementor-element-e59e4e4 e-con-full e-flex e-con e-child\" data-id=\"e59e4e4\" data-element_type=\"container\">\n\t\t<div class=\"elementor-element elementor-element-90e236e e-grid e-con-full e-con e-child\" data-id=\"90e236e\" data-element_type=\"container\">\n\t\t\t\t<div class=\"elementor-element elementor-element-e9e3af5 elementor-widget elementor-widget-image\" data-id=\"e9e3af5\" data-element_type=\"widget\" data-widget_type=\"image.default\">\n\t\t\t\t<div class=\"elementor-widget-container\">\n\t\t\t\t\t\t\t\t\t\t\t\t\t\t\t<img decoding=\"async\" width=\"768\" height=\"1024\" src=\"https:\/\/victoria-loesch.com\/wp-content\/uploads\/2025\/08\/IMG_7793-1-768x1024.jpeg\" class=\"attachment-large size-large wp-image-1280\" alt=\"\" srcset=\"https:\/\/victoria-loesch.com\/wp-content\/uploads\/2025\/08\/IMG_7793-1-768x1024.jpeg 768w, https:\/\/victoria-loesch.com\/wp-content\/uploads\/2025\/08\/IMG_7793-1-225x300.jpeg 225w, https:\/\/victoria-loesch.com\/wp-content\/uploads\/2025\/08\/IMG_7793-1-1152x1536.jpeg 1152w, https:\/\/victoria-loesch.com\/wp-content\/uploads\/2025\/08\/IMG_7793-1-1536x2048.jpeg 1536w, https:\/\/victoria-loesch.com\/wp-content\/uploads\/2025\/08\/IMG_7793-1-scaled.jpeg 1920w\" sizes=\"(max-width: 768px) 100vw, 768px\" \/>\t\t\t\t\t\t\t\t\t\t\t\t\t\t\t<\/div>\n\t\t\t\t<\/div>\n\t\t\t\t<div class=\"elementor-element elementor-element-5115440 elementor-widget elementor-widget-image\" data-id=\"5115440\" data-element_type=\"widget\" data-widget_type=\"image.default\">\n\t\t\t\t<div class=\"elementor-widget-container\">\n\t\t\t\t\t\t\t\t\t\t\t\t\t\t\t<img decoding=\"async\" width=\"768\" height=\"1024\" src=\"https:\/\/victoria-loesch.com\/wp-content\/uploads\/2025\/08\/IMG_1632-768x1024.jpeg\" class=\"attachment-medium_large size-medium_large wp-image-1273\" alt=\"\" srcset=\"https:\/\/victoria-loesch.com\/wp-content\/uploads\/2025\/08\/IMG_1632-768x1024.jpeg 768w, https:\/\/victoria-loesch.com\/wp-content\/uploads\/2025\/08\/IMG_1632-225x300.jpeg 225w, https:\/\/victoria-loesch.com\/wp-content\/uploads\/2025\/08\/IMG_1632-1152x1536.jpeg 1152w, https:\/\/victoria-loesch.com\/wp-content\/uploads\/2025\/08\/IMG_1632-1536x2048.jpeg 1536w, https:\/\/victoria-loesch.com\/wp-content\/uploads\/2025\/08\/IMG_1632-scaled.jpeg 1920w\" sizes=\"(max-width: 768px) 100vw, 768px\" \/>\t\t\t\t\t\t\t\t\t\t\t\t\t\t\t<\/div>\n\t\t\t\t<\/div>\n\t\t\t\t<div class=\"elementor-element elementor-element-150601d elementor-widget elementor-widget-image\" data-id=\"150601d\" data-element_type=\"widget\" data-widget_type=\"image.default\">\n\t\t\t\t<div class=\"elementor-widget-container\">\n\t\t\t\t\t\t\t\t\t\t\t\t\t\t\t<img loading=\"lazy\" decoding=\"async\" width=\"768\" height=\"1024\" src=\"https:\/\/victoria-loesch.com\/wp-content\/uploads\/2025\/08\/P6171854-768x1024.jpeg\" class=\"attachment-medium_large size-medium_large wp-image-1275\" alt=\"\" srcset=\"https:\/\/victoria-loesch.com\/wp-content\/uploads\/2025\/08\/P6171854-768x1024.jpeg 768w, https:\/\/victoria-loesch.com\/wp-content\/uploads\/2025\/08\/P6171854-225x300.jpeg 225w, https:\/\/victoria-loesch.com\/wp-content\/uploads\/2025\/08\/P6171854-1152x1536.jpeg 1152w, https:\/\/victoria-loesch.com\/wp-content\/uploads\/2025\/08\/P6171854-1536x2048.jpeg 1536w, https:\/\/victoria-loesch.com\/wp-content\/uploads\/2025\/08\/P6171854-scaled.jpeg 1920w\" sizes=\"(max-width: 768px) 100vw, 768px\" \/>\t\t\t\t\t\t\t\t\t\t\t\t\t\t\t<\/div>\n\t\t\t\t<\/div>\n\t\t\t\t<\/div>\n\t\t\t\t<div class=\"elementor-element elementor-element-67174de elementor-widget elementor-widget-text-editor\" data-id=\"67174de\" data-element_type=\"widget\" data-widget_type=\"text-editor.default\">\n\t\t\t\t<div class=\"elementor-widget-container\">\n\t\t\t\t\t\t\t\t\t<p>Anderen Menschen begegne ich sehr offen und versuche sie immer mit meiner Motivation f\u00fcr Dinge mitzurei\u00dfen. Was meine Freunde \u00fcber mich sagen w\u00fcrden? Zielsicher aber mit einer gewissen Nuance an Durchgeknalltheit, also ideal f\u00fcr kreative Prozesse. Au\u00dferdem rede ich gerne und liebe Sport als Ausgleich.<span style=\"color: var( --e-global-color-secondary ); text-align: var(--text-align); background-color: var(--wp--preset--color--base);\">\u00a0Sport machen (Laufen, Radfahren, Snowboarden) ist meine zweite gro\u00dfe Liebe nach dem Gestalten nat\u00fcrlich. So genug geredet.<\/span><\/p><p>Manchmal sprechen Bilder mehr als Worte. See my <a href=\"https:\/?page_id=91\">work.<\/a><\/p>\t\t\t\t\t\t\t\t<\/div>\n\t\t\t\t<\/div>\n\t\t\t\t<\/div>\n\t\t\t\t\t<\/div>\n\t\t\t\t<\/div>\n\t\t\t\t<\/div>\n\t\t","protected":false},"excerpt":{"rendered":"<p>about work touch VICTORIAL\u00d6SCH Hello, Ciao, Salve, Hola, Hallo, oder wie auch immer, ich bins Victoria.Was mich ausmacht? Um es kurz zu machen.Ich bin jung, motiviert und lernbed\u00fcrftig. Immer mit Kopf und Herz dabei.\u00a0Aber wenn ich mir was in den Kopf setze, wird das auch durchgezogen egal ob privat oder vor dem Laptop. Einmal angefangen [&hellip;]<\/p>\n","protected":false},"author":1,"featured_media":0,"parent":0,"menu_order":0,"comment_status":"closed","ping_status":"closed","template":"elementor_canvas","meta":{"footnotes":""},"class_list":["post-17","page","type-page","status-publish","hentry"],"_links":{"self":[{"href":"https:\/\/victoria-loesch.com\/index.php?rest_route=\/wp\/v2\/pages\/17","targetHints":{"allow":["GET"]}}],"collection":[{"href":"https:\/\/victoria-loesch.com\/index.php?rest_route=\/wp\/v2\/pages"}],"about":[{"href":"https:\/\/victoria-loesch.com\/index.php?rest_route=\/wp\/v2\/types\/page"}],"author":[{"embeddable":true,"href":"https:\/\/victoria-loesch.com\/index.php?rest_route=\/wp\/v2\/users\/1"}],"replies":[{"embeddable":true,"href":"https:\/\/victoria-loesch.com\/index.php?rest_route=%2Fwp%2Fv2%2Fcomments&post=17"}],"version-history":[{"count":93,"href":"https:\/\/victoria-loesch.com\/index.php?rest_route=\/wp\/v2\/pages\/17\/revisions"}],"predecessor-version":[{"id":1332,"href":"https:\/\/victoria-loesch.com\/index.php?rest_route=\/wp\/v2\/pages\/17\/revisions\/1332"}],"wp:attachment":[{"href":"https:\/\/victoria-loesch.com\/index.php?rest_route=%2Fwp%2Fv2%2Fmedia&parent=17"}],"curies":[{"name":"wp","href":"https:\/\/api.w.org\/{rel}","templated":true}]}}